{"id":35186,"date":"2022-06-12T11:38:30","date_gmt":"2022-06-12T09:38:30","guid":{"rendered":"https:\/\/osaone.ch\/prodotto\/robe-9\/"},"modified":"2024-12-09T18:34:56","modified_gmt":"2024-12-09T17:34:56","slug":"robe-charniere-dossier","status":"publish","type":"product","link":"https:\/\/osaone.ch\/fr\/produit\/robe-charniere-dossier\/","title":{"rendered":"Robe"},"content":{"rendered":"<p>Coupe normale, coton l\u00e9ger, avec empi\u00e8cements lat\u00e9raux en dentelle, fermeture \u00e9clair au dos. ITALIAN SIZE Made in Italy<\/p>\n","protected":false},"excerpt":{"rendered":"<p>97% coton 3% \u00e9lasthanne<\/p>\n","protected":false},"featured_media":32684,"template":"","meta":{"_seopress_robots_primary_cat":"none","_seopress_titles_title":"","_seopress_titles_desc":"","_seopress_robots_index":""},"product_brand":[],"product_cat":[421],"product_tag":[],"class_list":{"0":"post-35186","1":"product","2":"type-product","3":"status-publish","4":"has-post-thumbnail","6":"product_cat-vetements-fr","7":"pa_taglia-40-fr","8":"pa_taglia-42-fr","9":"pa_taglia-44-fr","10":"pa_taglia-46-fr","11":"pa_taglia-48-fr","13":"first","14":"instock","15":"shipping-taxable","16":"purchasable","17":"product-type-variable","18":"has-default-attributes"},"_links":{"self":[{"href":"https:\/\/osaone.ch\/fr\/wp-json\/wp\/v2\/product\/35186","targetHints":{"allow":["GET"]}}],"collection":[{"href":"https:\/\/osaone.ch\/fr\/wp-json\/wp\/v2\/product"}],"about":[{"href":"https:\/\/osaone.ch\/fr\/wp-json\/wp\/v2\/types\/product"}],"wp:featuredmedia":[{"embeddable":true,"href":"https:\/\/osaone.ch\/fr\/wp-json\/wp\/v2\/media\/32684"}],"wp:attachment":[{"href":"https:\/\/osaone.ch\/fr\/wp-json\/wp\/v2\/media?parent=35186"}],"wp:term":[{"taxonomy":"product_brand","embeddable":true,"href":"https:\/\/osaone.ch\/fr\/wp-json\/wp\/v2\/product_brand?post=35186"},{"taxonomy":"product_cat","embeddable":true,"href":"https:\/\/osaone.ch\/fr\/wp-json\/wp\/v2\/product_cat?post=35186"},{"taxonomy":"product_tag","embeddable":true,"href":"https:\/\/osaone.ch\/fr\/wp-json\/wp\/v2\/product_tag?post=35186"}],"curies":[{"name":"wp","href":"https:\/\/api.w.org\/{rel}","templated":true}]}}