{"id":35326,"date":"2019-07-09T14:36:05","date_gmt":"2019-07-09T12:36:05","guid":{"rendered":"https:\/\/osaone.ch\/prodotto\/poncio\/"},"modified":"2023-11-07T10:40:12","modified_gmt":"2023-11-07T09:40:12","slug":"poncio-2","status":"publish","type":"product","link":"https:\/\/osaone.ch\/fr\/produit\/poncio-2\/","title":{"rendered":"Poncio"},"content":{"rendered":"<p>Tricot\u00e9, laine de la premi\u00e8re tonte, teint\u00e9e au fil.<\/p>\n<p>CERTIFI\u00c9 PRODUIT ITALIEN<\/p>\n","protected":false},"excerpt":{"rendered":"<p>60% laine m\u00e9rinos 20% angora 20% pl<\/p>\n","protected":false},"featured_media":148774,"template":"","meta":{"_seopress_robots_primary_cat":"none","_seopress_titles_title":"","_seopress_titles_desc":"","_seopress_robots_index":""},"product_brand":[],"product_cat":[380],"product_tag":[],"class_list":{"0":"post-35326","1":"product","2":"type-product","3":"status-publish","4":"has-post-thumbnail","6":"product_cat-manteaux-et-ponchos","7":"pa_taglia-unique-en-son-genre","9":"first","10":"instock","11":"shipping-taxable","12":"purchasable","13":"product-type-variable","14":"has-default-attributes"},"_links":{"self":[{"href":"https:\/\/osaone.ch\/fr\/wp-json\/wp\/v2\/product\/35326","targetHints":{"allow":["GET"]}}],"collection":[{"href":"https:\/\/osaone.ch\/fr\/wp-json\/wp\/v2\/product"}],"about":[{"href":"https:\/\/osaone.ch\/fr\/wp-json\/wp\/v2\/types\/product"}],"wp:featuredmedia":[{"embeddable":true,"href":"https:\/\/osaone.ch\/fr\/wp-json\/wp\/v2\/media\/148774"}],"wp:attachment":[{"href":"https:\/\/osaone.ch\/fr\/wp-json\/wp\/v2\/media?parent=35326"}],"wp:term":[{"taxonomy":"product_brand","embeddable":true,"href":"https:\/\/osaone.ch\/fr\/wp-json\/wp\/v2\/product_brand?post=35326"},{"taxonomy":"product_cat","embeddable":true,"href":"https:\/\/osaone.ch\/fr\/wp-json\/wp\/v2\/product_cat?post=35326"},{"taxonomy":"product_tag","embeddable":true,"href":"https:\/\/osaone.ch\/fr\/wp-json\/wp\/v2\/product_tag?post=35326"}],"curies":[{"name":"wp","href":"https:\/\/api.w.org\/{rel}","templated":true}]}}