{"id":35413,"date":"2019-04-19T14:20:28","date_gmt":"2019-04-19T12:20:28","guid":{"rendered":"https:\/\/osaone.ch\/prodotto\/cardigan-boutonne\/"},"modified":"2023-01-05T11:47:17","modified_gmt":"2023-01-05T10:47:17","slug":"cardigan-bouton-7","status":"publish","type":"product","link":"https:\/\/osaone.ch\/fr\/produit\/cardigan-bouton-7\/","title":{"rendered":"Cardigan boutonn\u00e9"},"content":{"rendered":"<p>Tricot\u00e9, laine de premi\u00e8re tonte, teint\u00e9e en fil, tr\u00e8s doux, ne pince pas, dans des conditions normales pas de plissement.<\/p>\n<p>CERTIFI\u00c9 PRODUIT ITALIEN<\/p>\n","protected":false},"excerpt":{"rendered":"<p>100% laine m\u00e9rinos<\/p>\n","protected":false},"featured_media":62472,"template":"","meta":{"_seopress_robots_primary_cat":"none","_seopress_titles_title":"","_seopress_titles_desc":"","_seopress_robots_index":""},"product_brand":[],"product_cat":[277,294],"product_tag":[],"class_list":{"0":"post-35413","1":"product","2":"type-product","3":"status-publish","4":"has-post-thumbnail","6":"product_cat-cardigan-fr","7":"product_cat-cardigan-boutonne","8":"pa_taglia-46-fr","9":"pa_taglia-48-fr","10":"pa_taglia-50-fr","11":"pa_taglia-52-fr","12":"pa_taglia-54-fr","14":"first","15":"instock","16":"shipping-taxable","17":"purchasable","18":"product-type-variable"},"_links":{"self":[{"href":"https:\/\/osaone.ch\/fr\/wp-json\/wp\/v2\/product\/35413","targetHints":{"allow":["GET"]}}],"collection":[{"href":"https:\/\/osaone.ch\/fr\/wp-json\/wp\/v2\/product"}],"about":[{"href":"https:\/\/osaone.ch\/fr\/wp-json\/wp\/v2\/types\/product"}],"wp:featuredmedia":[{"embeddable":true,"href":"https:\/\/osaone.ch\/fr\/wp-json\/wp\/v2\/media\/62472"}],"wp:attachment":[{"href":"https:\/\/osaone.ch\/fr\/wp-json\/wp\/v2\/media?parent=35413"}],"wp:term":[{"taxonomy":"product_brand","embeddable":true,"href":"https:\/\/osaone.ch\/fr\/wp-json\/wp\/v2\/product_brand?post=35413"},{"taxonomy":"product_cat","embeddable":true,"href":"https:\/\/osaone.ch\/fr\/wp-json\/wp\/v2\/product_cat?post=35413"},{"taxonomy":"product_tag","embeddable":true,"href":"https:\/\/osaone.ch\/fr\/wp-json\/wp\/v2\/product_tag?post=35413"}],"curies":[{"name":"wp","href":"https:\/\/api.w.org\/{rel}","templated":true}]}}