{"id":35566,"date":"2019-02-07T16:02:06","date_gmt":"2019-02-07T15:02:06","guid":{"rendered":"https:\/\/osaone.ch\/prodotto\/chemise-longueur-3-4\/"},"modified":"2024-10-31T11:23:14","modified_gmt":"2024-10-31T10:23:14","slug":"chemise-m-3-4","status":"publish","type":"product","link":"https:\/\/osaone.ch\/fr\/produit\/chemise-m-3-4\/","title":{"rendered":"Chemise longueur 3\/4"},"content":{"rendered":"<p>Tricot\u00e9, imprim\u00e9 devant et derri\u00e8re, les couleurs restent inchang\u00e9es dans le temps m\u00eame apr\u00e8s de nombreux lavages. Le v\u00eatement est tr\u00e8s fin et l\u00e9ger et peut \u00eatre port\u00e9 comme une chemise ou un cardigan. PRODUIT ITALIEN CERTIFI\u00c9<\/p>\n","protected":false},"excerpt":{"rendered":"<p>84% viscose 16% elit\u00e8<\/p>\n","protected":false},"featured_media":32909,"template":"","meta":{"_seopress_robots_primary_cat":"none","_seopress_titles_title":"","_seopress_titles_desc":"","_seopress_robots_index":""},"product_brand":[],"product_cat":[343,286],"product_tag":[],"class_list":{"0":"post-35566","1":"product","2":"type-product","3":"status-publish","4":"has-post-thumbnail","6":"product_cat-chemises-a-manches-3-4","7":"product_cat-maillots-fr","8":"pa_taglia-44-fr","9":"pa_taglia-46-fr","10":"pa_taglia-48-fr","11":"pa_taglia-50-fr","12":"pa_taglia-52-fr","14":"first","15":"instock","16":"shipping-taxable","17":"purchasable","18":"product-type-variable"},"_links":{"self":[{"href":"https:\/\/osaone.ch\/fr\/wp-json\/wp\/v2\/product\/35566","targetHints":{"allow":["GET"]}}],"collection":[{"href":"https:\/\/osaone.ch\/fr\/wp-json\/wp\/v2\/product"}],"about":[{"href":"https:\/\/osaone.ch\/fr\/wp-json\/wp\/v2\/types\/product"}],"wp:featuredmedia":[{"embeddable":true,"href":"https:\/\/osaone.ch\/fr\/wp-json\/wp\/v2\/media\/32909"}],"wp:attachment":[{"href":"https:\/\/osaone.ch\/fr\/wp-json\/wp\/v2\/media?parent=35566"}],"wp:term":[{"taxonomy":"product_brand","embeddable":true,"href":"https:\/\/osaone.ch\/fr\/wp-json\/wp\/v2\/product_brand?post=35566"},{"taxonomy":"product_cat","embeddable":true,"href":"https:\/\/osaone.ch\/fr\/wp-json\/wp\/v2\/product_cat?post=35566"},{"taxonomy":"product_tag","embeddable":true,"href":"https:\/\/osaone.ch\/fr\/wp-json\/wp\/v2\/product_tag?post=35566"}],"curies":[{"name":"wp","href":"https:\/\/api.w.org\/{rel}","templated":true}]}}