{"id":35574,"date":"2019-02-07T15:53:44","date_gmt":"2019-02-07T14:53:44","guid":{"rendered":"https:\/\/osaone.ch\/prodotto\/chemise-longueur-3-4\/"},"modified":"2022-11-21T09:34:55","modified_gmt":"2022-11-21T08:34:55","slug":"cardigan-boutons-m-3-6","status":"publish","type":"product","link":"https:\/\/osaone.ch\/fr\/produit\/cardigan-boutons-m-3-6\/","title":{"rendered":"Chemise longueur 3\/4"},"content":{"rendered":"<p>Tricot\u00e9, imprim\u00e9 devant et derri\u00e8re, les couleurs restent inchang\u00e9es dans le temps m\u00eame apr\u00e8s de nombreux lavages.<\/p>\n<p>Le v\u00eatement est tr\u00e8s fin et l\u00e9ger et peut \u00eatre habill\u00e9 soit comme une chemise, soit comme un cardigan.<\/p>\n<p>CERTIFI\u00c9 PRODUIT ITALIEN<\/p>\n<p><img decoding=\"async\" data-src=\"https:\/\/osaone.ch\/wp-content\/uploads\/images\/stories\/icone\/Taglie-Donna.jpg\" alt=\"Tailles femmes\" src=\"data:image\/svg+xml;base64,PHN2ZyB3aWR0aD0iMSIgaGVpZ2h0PSIxIiB4bWxucz0iaHR0cDovL3d3dy53My5vcmcvMjAwMC9zdmciPjwvc3ZnPg==\" class=\"lazyload\" style=\"--smush-placeholder-width: 919px; --smush-placeholder-aspect-ratio: 919\/589;\"><\/p>\n","protected":false},"excerpt":{"rendered":"<p>84% viscose 16% elit\u00e8<\/p>\n","protected":false},"featured_media":32906,"template":"","meta":{"_seopress_robots_primary_cat":"none","_seopress_titles_title":"","_seopress_titles_desc":"","_seopress_robots_index":""},"product_brand":[],"product_cat":[343,286],"product_tag":[],"class_list":{"0":"post-35574","1":"product","2":"type-product","3":"status-publish","4":"has-post-thumbnail","6":"product_cat-chemises-a-manches-3-4","7":"product_cat-maillots-fr","8":"pa_taglia-44-fr","9":"pa_taglia-46-fr","10":"pa_taglia-48-fr","11":"pa_taglia-50-fr","12":"pa_taglia-52-fr","14":"first","15":"instock","16":"shipping-taxable","17":"purchasable","18":"product-type-variable"},"_links":{"self":[{"href":"https:\/\/osaone.ch\/fr\/wp-json\/wp\/v2\/product\/35574","targetHints":{"allow":["GET"]}}],"collection":[{"href":"https:\/\/osaone.ch\/fr\/wp-json\/wp\/v2\/product"}],"about":[{"href":"https:\/\/osaone.ch\/fr\/wp-json\/wp\/v2\/types\/product"}],"wp:featuredmedia":[{"embeddable":true,"href":"https:\/\/osaone.ch\/fr\/wp-json\/wp\/v2\/media\/32906"}],"wp:attachment":[{"href":"https:\/\/osaone.ch\/fr\/wp-json\/wp\/v2\/media?parent=35574"}],"wp:term":[{"taxonomy":"product_brand","embeddable":true,"href":"https:\/\/osaone.ch\/fr\/wp-json\/wp\/v2\/product_brand?post=35574"},{"taxonomy":"product_cat","embeddable":true,"href":"https:\/\/osaone.ch\/fr\/wp-json\/wp\/v2\/product_cat?post=35574"},{"taxonomy":"product_tag","embeddable":true,"href":"https:\/\/osaone.ch\/fr\/wp-json\/wp\/v2\/product_tag?post=35574"}],"curies":[{"name":"wp","href":"https:\/\/api.w.org\/{rel}","templated":true}]}}