{"id":35596,"date":"2018-02-10T16:23:39","date_gmt":"2018-02-10T15:23:39","guid":{"rendered":"https:\/\/osaone.ch\/prodotto\/pull-a-col-en-v\/"},"modified":"2025-12-21T12:51:58","modified_gmt":"2025-12-21T11:51:58","slug":"col-tricote-v-3","status":"publish","type":"product","link":"https:\/\/osaone.ch\/fr\/produit\/col-tricote-v-3\/","title":{"rendered":"Tricot &#8211; Coton"},"content":{"rendered":"<p>Pull-over moulant \u00e0 col en V, tricot\u00e9 <span lang=\"IT\">avec diff\u00e9rents types de points, coton teint en fil.<\/span><\/p>\n<p><span lang=\"IT\">Lavage \u00e0 la main ou en machine avec des programmes et de la lessive pour v\u00eatements d\u00e9licats.<\/span><\/p>\n<p><span lang=\"IT\">Couleur : Bleu &#8211; Multicolore<\/span><\/p>\n<p>PRODUIT ITALIEN CERTIFI\u00c9<\/p>\n","protected":false},"excerpt":{"rendered":"<p>100% jersey de coton mak\u00f2<\/p>\n","protected":false},"featured_media":132427,"template":"","meta":{"_seopress_robots_primary_cat":"none","_seopress_titles_title":"","_seopress_titles_desc":"","_seopress_robots_index":"","_seopress_analysis_target_kw":""},"product_brand":[],"product_cat":[247,248],"product_tag":[],"class_list":{"0":"post-35596","1":"product","2":"type-product","3":"status-publish","4":"has-post-thumbnail","6":"product_cat-maillots","7":"product_cat-pulls-a-col-en-v","8":"pa_taglia-46-fr","9":"pa_taglia-48-fr","10":"pa_taglia-50-fr","11":"pa_taglia-52-fr","12":"pa_taglia-56-fr","13":"pa_taglia-58-fr","15":"first","16":"instock","17":"shipping-taxable","18":"purchasable","19":"product-type-variable"},"_links":{"self":[{"href":"https:\/\/osaone.ch\/fr\/wp-json\/wp\/v2\/product\/35596","targetHints":{"allow":["GET"]}}],"collection":[{"href":"https:\/\/osaone.ch\/fr\/wp-json\/wp\/v2\/product"}],"about":[{"href":"https:\/\/osaone.ch\/fr\/wp-json\/wp\/v2\/types\/product"}],"wp:featuredmedia":[{"embeddable":true,"href":"https:\/\/osaone.ch\/fr\/wp-json\/wp\/v2\/media\/132427"}],"wp:attachment":[{"href":"https:\/\/osaone.ch\/fr\/wp-json\/wp\/v2\/media?parent=35596"}],"wp:term":[{"taxonomy":"product_brand","embeddable":true,"href":"https:\/\/osaone.ch\/fr\/wp-json\/wp\/v2\/product_brand?post=35596"},{"taxonomy":"product_cat","embeddable":true,"href":"https:\/\/osaone.ch\/fr\/wp-json\/wp\/v2\/product_cat?post=35596"},{"taxonomy":"product_tag","embeddable":true,"href":"https:\/\/osaone.ch\/fr\/wp-json\/wp\/v2\/product_tag?post=35596"}],"curies":[{"name":"wp","href":"https:\/\/api.w.org\/{rel}","templated":true}]}}