{"id":35617,"date":"2018-03-02T11:56:45","date_gmt":"2018-03-02T10:56:45","guid":{"rendered":"https:\/\/osaone.ch\/prodotto\/t-shirt-a-col-ras-du-cou\/"},"modified":"2023-08-07T16:41:17","modified_gmt":"2023-08-07T14:41:17","slug":"t-shirt-twirl-2","status":"publish","type":"product","link":"https:\/\/osaone.ch\/fr\/produit\/t-shirt-twirl-2\/","title":{"rendered":"T-shirt \u00e0 col ras du cou"},"content":{"rendered":"<p>Tricot\u00e9, teint en fil, imprim\u00e9 argent\u00e9 \u00e0 l&rsquo;encolure, des fils de lurex sont ins\u00e9r\u00e9s dans les rayures.<\/p>\n<p>Il peut \u00eatre combin\u00e9 avec le cardigan art. 217-E1774SBCO, qui a la m\u00eame finition.<\/p>\n<p>CERTIFI\u00c9 PRODUIT ITALIEN<\/p>\n","protected":false},"excerpt":{"rendered":"<p>55% coton mak\u00f2 &#8211; 45% viscose<\/p>\n","protected":false},"featured_media":224240,"template":"","meta":{"_seopress_robots_primary_cat":"none","_seopress_titles_title":"","_seopress_titles_desc":"","_seopress_robots_index":""},"product_brand":[],"product_cat":[342,286],"product_tag":[],"class_list":{"0":"post-35617","1":"product","2":"type-product","3":"status-publish","4":"has-post-thumbnail","6":"product_cat-autres-types-fr","7":"product_cat-maillots-fr","8":"pa_taglia-42-fr","9":"pa_taglia-44-fr","10":"pa_taglia-46-fr","11":"pa_taglia-50-fr","13":"first","14":"instock","15":"shipping-taxable","16":"purchasable","17":"product-type-variable"},"_links":{"self":[{"href":"https:\/\/osaone.ch\/fr\/wp-json\/wp\/v2\/product\/35617","targetHints":{"allow":["GET"]}}],"collection":[{"href":"https:\/\/osaone.ch\/fr\/wp-json\/wp\/v2\/product"}],"about":[{"href":"https:\/\/osaone.ch\/fr\/wp-json\/wp\/v2\/types\/product"}],"wp:featuredmedia":[{"embeddable":true,"href":"https:\/\/osaone.ch\/fr\/wp-json\/wp\/v2\/media\/224240"}],"wp:attachment":[{"href":"https:\/\/osaone.ch\/fr\/wp-json\/wp\/v2\/media?parent=35617"}],"wp:term":[{"taxonomy":"product_brand","embeddable":true,"href":"https:\/\/osaone.ch\/fr\/wp-json\/wp\/v2\/product_brand?post=35617"},{"taxonomy":"product_cat","embeddable":true,"href":"https:\/\/osaone.ch\/fr\/wp-json\/wp\/v2\/product_cat?post=35617"},{"taxonomy":"product_tag","embeddable":true,"href":"https:\/\/osaone.ch\/fr\/wp-json\/wp\/v2\/product_tag?post=35617"}],"curies":[{"name":"wp","href":"https:\/\/api.w.org\/{rel}","templated":true}]}}