{"id":35704,"date":"2019-02-01T16:41:33","date_gmt":"2019-02-01T15:41:33","guid":{"rendered":"https:\/\/osaone.ch\/prodotto\/t-shirt-a-col-ras-du-cou\/"},"modified":"2024-10-31T11:20:17","modified_gmt":"2024-10-31T10:20:17","slug":"t-shirt-tournant-3","status":"publish","type":"product","link":"https:\/\/osaone.ch\/fr\/produit\/t-shirt-tournant-3\/","title":{"rendered":"T-shirt \u00e0 col ras du cou"},"content":{"rendered":"<p>Tricot\u00e9, imprim\u00e9 devant et derri\u00e8re, les couleurs restent inchang\u00e9es dans le temps m\u00eame apr\u00e8s de nombreux lavages. Il peut \u00eatre combin\u00e9 avec le cardigan, qui a la m\u00eame facture. PRODUIT ITALIEN CERTIFI\u00c9  <\/p>\n","protected":false},"excerpt":{"rendered":"<p>84% viscose 16% elit\u00e8<\/p>\n","protected":false},"featured_media":31280,"template":"","meta":{"_seopress_robots_primary_cat":"none","_seopress_titles_title":"","_seopress_titles_desc":"","_seopress_robots_index":""},"product_brand":[],"product_cat":[344,286],"product_tag":[],"class_list":{"0":"post-35704","1":"product","2":"type-product","3":"status-publish","4":"has-post-thumbnail","6":"product_cat-chemises-a-demi-manches","7":"product_cat-maillots-fr","8":"pa_taglia-42-fr","9":"pa_taglia-44-fr","10":"pa_taglia-46-fr","11":"pa_taglia-48-fr","12":"pa_taglia-50-fr","14":"first","15":"instock","16":"shipping-taxable","17":"purchasable","18":"product-type-variable","19":"has-default-attributes"},"_links":{"self":[{"href":"https:\/\/osaone.ch\/fr\/wp-json\/wp\/v2\/product\/35704","targetHints":{"allow":["GET"]}}],"collection":[{"href":"https:\/\/osaone.ch\/fr\/wp-json\/wp\/v2\/product"}],"about":[{"href":"https:\/\/osaone.ch\/fr\/wp-json\/wp\/v2\/types\/product"}],"wp:featuredmedia":[{"embeddable":true,"href":"https:\/\/osaone.ch\/fr\/wp-json\/wp\/v2\/media\/31280"}],"wp:attachment":[{"href":"https:\/\/osaone.ch\/fr\/wp-json\/wp\/v2\/media?parent=35704"}],"wp:term":[{"taxonomy":"product_brand","embeddable":true,"href":"https:\/\/osaone.ch\/fr\/wp-json\/wp\/v2\/product_brand?post=35704"},{"taxonomy":"product_cat","embeddable":true,"href":"https:\/\/osaone.ch\/fr\/wp-json\/wp\/v2\/product_cat?post=35704"},{"taxonomy":"product_tag","embeddable":true,"href":"https:\/\/osaone.ch\/fr\/wp-json\/wp\/v2\/product_tag?post=35704"}],"curies":[{"name":"wp","href":"https:\/\/api.w.org\/{rel}","templated":true}]}}