{"id":35776,"date":"2017-07-12T13:55:20","date_gmt":"2017-07-12T11:55:20","guid":{"rendered":"https:\/\/osaone.ch\/prodotto\/cardigan-a-fermeture-eclair-3-4-m\/"},"modified":"2022-11-21T09:32:39","modified_gmt":"2022-11-21T08:32:39","slug":"jersey-zip-interieur-1","status":"publish","type":"product","link":"https:\/\/osaone.ch\/fr\/produit\/jersey-zip-interieur-1\/","title":{"rendered":"Cardigan \u00e0 fermeture \u00e9clair 3\/4 m"},"content":{"rendered":"<p>Tricot, impression sur le devant, col et contour de la fermeture \u00e9clair avec broderie argent\u00e9e, couleur unie au dos, les couleurs restent inchang\u00e9es dans le temps m\u00eame apr\u00e8s de nombreux lavages.<\/p>\n<p>Il peut \u00eatre utilis\u00e9 soit comme un tricot, soit comme un cardigan.<\/p>\n<p>CERTIFI\u00c9 PRODUIT ITALIEN<\/p>\n<p><img decoding=\"async\" data-src=\"https:\/\/osaone.ch\/wp-content\/uploads\/images\/stories\/icone\/Taglie-Donna.jpg\" alt=\"Tailles femmes\" src=\"data:image\/svg+xml;base64,PHN2ZyB3aWR0aD0iMSIgaGVpZ2h0PSIxIiB4bWxucz0iaHR0cDovL3d3dy53My5vcmcvMjAwMC9zdmciPjwvc3ZnPg==\" class=\"lazyload\" style=\"--smush-placeholder-width: 919px; --smush-placeholder-aspect-ratio: 919\/589;\"><\/p>\n","protected":false},"excerpt":{"rendered":"<p>Maillot \u00e0 fermeture \u00e9clair int\u00e9grale 84 % viscose 16 % \u00e9lite<\/p>\n","protected":false},"featured_media":32792,"template":"","meta":{"_seopress_robots_primary_cat":"none","_seopress_titles_title":"","_seopress_titles_desc":"","_seopress_robots_index":""},"product_brand":[],"product_cat":[314,348],"product_tag":[],"class_list":{"0":"post-35776","1":"product","2":"type-product","3":"status-publish","4":"has-post-thumbnail","6":"product_cat-cardigan-fr-2","7":"product_cat-cardigan-a-fermeture-eclair-fr","8":"pa_taglia-44-fr","9":"pa_taglia-48-fr","10":"pa_taglia-50-fr","11":"pa_taglia-52-fr","13":"first","14":"instock","15":"shipping-taxable","16":"purchasable","17":"product-type-variable"},"_links":{"self":[{"href":"https:\/\/osaone.ch\/fr\/wp-json\/wp\/v2\/product\/35776","targetHints":{"allow":["GET"]}}],"collection":[{"href":"https:\/\/osaone.ch\/fr\/wp-json\/wp\/v2\/product"}],"about":[{"href":"https:\/\/osaone.ch\/fr\/wp-json\/wp\/v2\/types\/product"}],"wp:featuredmedia":[{"embeddable":true,"href":"https:\/\/osaone.ch\/fr\/wp-json\/wp\/v2\/media\/32792"}],"wp:attachment":[{"href":"https:\/\/osaone.ch\/fr\/wp-json\/wp\/v2\/media?parent=35776"}],"wp:term":[{"taxonomy":"product_brand","embeddable":true,"href":"https:\/\/osaone.ch\/fr\/wp-json\/wp\/v2\/product_brand?post=35776"},{"taxonomy":"product_cat","embeddable":true,"href":"https:\/\/osaone.ch\/fr\/wp-json\/wp\/v2\/product_cat?post=35776"},{"taxonomy":"product_tag","embeddable":true,"href":"https:\/\/osaone.ch\/fr\/wp-json\/wp\/v2\/product_tag?post=35776"}],"curies":[{"name":"wp","href":"https:\/\/api.w.org\/{rel}","templated":true}]}}