{"id":35975,"date":"2021-04-13T12:36:11","date_gmt":"2021-04-13T10:36:11","guid":{"rendered":"https:\/\/osaone.ch\/prodotto\/cardigan-a-manches-3-4\/"},"modified":"2022-11-21T15:56:31","modified_gmt":"2022-11-21T14:56:31","slug":"gilet-pantalon-avant-dos-sans-fermeture","status":"publish","type":"product","link":"https:\/\/osaone.ch\/fr\/produit\/gilet-pantalon-avant-dos-sans-fermeture\/","title":{"rendered":"Cardigan \u00e0 manches 3\/4"},"content":{"rendered":"<p>Tricot, imprim\u00e9 devant et derri\u00e8re, pas de fermeture, fil lurex \u00e0 certains endroits, fentes lat\u00e9rales aux hanches et aux manches.<\/p>\n<p>Les couleurs restent inchang\u00e9es dans le temps, m\u00eame apr\u00e8s de nombreux lavages.<\/p>\n<p>Le v\u00eatement est tr\u00e8s fin et l\u00e9ger.<\/p>\n<p>CERTIFI\u00c9 PRODUIT ITALIEN<\/p>\n","protected":false},"excerpt":{"rendered":"<p>84% viscose 16% elit\u00e8<\/p>\n","protected":false},"featured_media":31919,"template":"","meta":{"_seopress_robots_primary_cat":"none","_seopress_titles_title":"","_seopress_titles_desc":"","_seopress_robots_index":""},"product_brand":[],"product_cat":[311,314],"product_tag":[],"class_list":{"0":"post-35975","1":"product","2":"type-product","3":"status-publish","4":"has-post-thumbnail","6":"product_cat-autres-types","7":"product_cat-cardigan-fr-2","8":"pa_taglia-42-fr","9":"pa_taglia-44-fr","10":"pa_taglia-46-fr","11":"pa_taglia-48-fr","12":"pa_taglia-50-fr","14":"first","15":"instock","16":"shipping-taxable","17":"purchasable","18":"product-type-variable","19":"has-default-attributes"},"_links":{"self":[{"href":"https:\/\/osaone.ch\/fr\/wp-json\/wp\/v2\/product\/35975","targetHints":{"allow":["GET"]}}],"collection":[{"href":"https:\/\/osaone.ch\/fr\/wp-json\/wp\/v2\/product"}],"about":[{"href":"https:\/\/osaone.ch\/fr\/wp-json\/wp\/v2\/types\/product"}],"wp:featuredmedia":[{"embeddable":true,"href":"https:\/\/osaone.ch\/fr\/wp-json\/wp\/v2\/media\/31919"}],"wp:attachment":[{"href":"https:\/\/osaone.ch\/fr\/wp-json\/wp\/v2\/media?parent=35975"}],"wp:term":[{"taxonomy":"product_brand","embeddable":true,"href":"https:\/\/osaone.ch\/fr\/wp-json\/wp\/v2\/product_brand?post=35975"},{"taxonomy":"product_cat","embeddable":true,"href":"https:\/\/osaone.ch\/fr\/wp-json\/wp\/v2\/product_cat?post=35975"},{"taxonomy":"product_tag","embeddable":true,"href":"https:\/\/osaone.ch\/fr\/wp-json\/wp\/v2\/product_tag?post=35975"}],"curies":[{"name":"wp","href":"https:\/\/api.w.org\/{rel}","templated":true}]}}